{"id":49,"date":"2022-10-10T16:58:12","date_gmt":"2022-10-10T16:58:12","guid":{"rendered":"https:\/\/dronestationpro.com\/?page_id=49"},"modified":"2025-07-22T01:17:09","modified_gmt":"2025-07-22T01:17:09","slug":"dspro-biker","status":"publish","type":"page","link":"https:\/\/dronestationpro.com\/index.php\/dspro-biker\/","title":{"rendered":"DSPro Biker"},"content":{"rendered":"<ul class=\"wp-block-latest-posts__list wp-block-latest-posts\"><li><div class=\"wp-block-latest-posts__featured-image alignleft\"><img width=\"150\" height=\"150\" src=\"https:\/\/dronestationpro.com\/wp-content\/uploads\/2023\/11\/Navigator.00_00_20_15.Imagen-fija001-150x150.jpg\" class=\"attachment-thumbnail size-thumbnail wp-post-image\" alt=\"soporte para celular\" loading=\"lazy\" style=\"max-width:150px;max-height:150px;\" \/><\/div><a href=\"https:\/\/dronestationpro.com\/index.php\/2023\/11\/16\/soporte-para-celular-en-moto-navigator-classic\/\">Soporte para celular en moto: Navigator Classic<\/a><div class=\"wp-block-latest-posts__post-excerpt\">Tu celular estar\u00e1 perfectamente colocado frente a tus ojos cuando manejes tu moto y necesites consultar tus mapas, contestar tus llamadas o escuchar m\u00fasica en tus aud\u00edfonos bluetooth. Nuestro soporte Navigator Classic cuenta con un brazo extrafuerte hecho en aluminio, que podr\u00e1s colocar en el tim\u00f3n de tu moto, lo<span class=\"more-button\"><a href=\"https:\/\/dronestationpro.com\/index.php\/2023\/11\/16\/soporte-para-celular-en-moto-navigator-classic\/\" class=\"more-link\">Continue reading<span class=\"screen-reader-text\">Soporte para celular en moto: Navigator Classic<\/span><\/a><\/span><\/div><\/li>\n<\/ul>","protected":false},"excerpt":{"rendered":"","protected":false},"author":1,"featured_media":0,"parent":0,"menu_order":0,"comment_status":"closed","ping_status":"closed","template":"","meta":[],"_links":{"self":[{"href":"https:\/\/dronestationpro.com\/index.php\/wp-json\/wp\/v2\/pages\/49"}],"collection":[{"href":"https:\/\/dronestationpro.com\/index.php\/wp-json\/wp\/v2\/pages"}],"about":[{"href":"https:\/\/dronestationpro.com\/index.php\/wp-json\/wp\/v2\/types\/page"}],"author":[{"embeddable":true,"href":"https:\/\/dronestationpro.com\/index.php\/wp-json\/wp\/v2\/users\/1"}],"replies":[{"embeddable":true,"href":"https:\/\/dronestationpro.com\/index.php\/wp-json\/wp\/v2\/comments?post=49"}],"version-history":[{"count":2,"href":"https:\/\/dronestationpro.com\/index.php\/wp-json\/wp\/v2\/pages\/49\/revisions"}],"predecessor-version":[{"id":51,"href":"https:\/\/dronestationpro.com\/index.php\/wp-json\/wp\/v2\/pages\/49\/revisions\/51"}],"wp:attachment":[{"href":"https:\/\/dronestationpro.com\/index.php\/wp-json\/wp\/v2\/media?parent=49"}],"curies":[{"name":"wp","href":"https:\/\/api.w.org\/{rel}","templated":true}]}}