{"id":38,"date":"2022-10-10T16:29:29","date_gmt":"2022-10-10T16:29:29","guid":{"rendered":"https:\/\/dronestationpro.com\/?page_id=38"},"modified":"2025-07-22T01:17:09","modified_gmt":"2025-07-22T01:17:09","slug":"dspro-ergonomic","status":"publish","type":"page","link":"https:\/\/dronestationpro.com\/index.php\/dspro-ergonomic\/","title":{"rendered":"DSPro &#8211; L\u00ednea ergon\u00f3mica"},"content":{"rendered":"\n<p>Operar drones por largas jornadas, tales como la covertura de eventos o la fotogrametr\u00eda, es una actividad retadora para el comfort de tu cuerpo, donde las extremedidades superiores, ojos y cuello est\u00e1n muy comprometidas.<\/p>\n\n\n\n<p>Drone Station Pro ha creado esta l\u00ednea de productos para el piloto profesional de drones que debe hacer su trabajo durante muchos d\u00edas al mes, y no solamente volar los fines de semana como hobby .<\/p>\n\n\n<ul class=\"wp-block-latest-posts__list wp-block-latest-posts\"><li><div class=\"wp-block-latest-posts__featured-image alignleft\"><img width=\"150\" height=\"150\" src=\"https:\/\/dronestationpro.com\/wp-content\/uploads\/2022\/04\/dspro-mavic-dock-150x150.jpg\" class=\"attachment-thumbnail size-thumbnail wp-post-image\" alt=\"\" loading=\"lazy\" style=\"\" srcset=\"https:\/\/dronestationpro.com\/wp-content\/uploads\/2022\/04\/dspro-mavic-dock-150x150.jpg 150w, https:\/\/dronestationpro.com\/wp-content\/uploads\/2022\/04\/dspro-mavic-dock-300x300.jpg 300w, https:\/\/dronestationpro.com\/wp-content\/uploads\/2022\/04\/dspro-mavic-dock-100x100.jpg 100w\" sizes=\"(max-width: 150px) 100vw, 150px\" \/><\/div><a href=\"https:\/\/dronestationpro.com\/index.php\/2022\/10\/17\/dock-for-mavic-remote-control\/\">Dock for Mavic Remote Control<\/a><div class=\"wp-block-latest-posts__post-excerpt\"><\/div><\/li>\n<li><div class=\"wp-block-latest-posts__featured-image alignleft\"><img width=\"150\" height=\"150\" src=\"https:\/\/dronestationpro.com\/wp-content\/uploads\/2022\/10\/dspro-launcher-150x150.jpg\" class=\"attachment-thumbnail size-thumbnail wp-post-image\" alt=\"drone mavic launcher\" loading=\"lazy\" style=\"\" srcset=\"https:\/\/dronestationpro.com\/wp-content\/uploads\/2022\/10\/dspro-launcher-150x150.jpg 150w, https:\/\/dronestationpro.com\/wp-content\/uploads\/2022\/10\/dspro-launcher-300x300.jpg 300w, https:\/\/dronestationpro.com\/wp-content\/uploads\/2022\/10\/dspro-launcher-100x100.jpg 100w\" sizes=\"(max-width: 150px) 100vw, 150px\" \/><\/div><a href=\"https:\/\/dronestationpro.com\/index.php\/2022\/10\/17\/launcher-for-mavic-series\/\">Launcher for Mavic series<\/a><div class=\"wp-block-latest-posts__post-excerpt\"><\/div><\/li>\n<li><div class=\"wp-block-latest-posts__featured-image alignleft\"><img width=\"150\" height=\"150\" src=\"https:\/\/dronestationpro.com\/wp-content\/uploads\/2022\/04\/dronstationpro1-150x150.jpg\" class=\"attachment-thumbnail size-thumbnail wp-post-image\" alt=\"base for drone operation\" loading=\"lazy\" style=\"\" srcset=\"https:\/\/dronestationpro.com\/wp-content\/uploads\/2022\/04\/dronstationpro1-150x150.jpg 150w, https:\/\/dronestationpro.com\/wp-content\/uploads\/2022\/04\/dronstationpro1-300x300.jpg 300w, https:\/\/dronestationpro.com\/wp-content\/uploads\/2022\/04\/dronstationpro1-100x100.jpg 100w\" sizes=\"(max-width: 150px) 100vw, 150px\" \/><\/div><a href=\"https:\/\/dronestationpro.com\/index.php\/2022\/04\/06\/drone-station-pro-classic\/\">Drone Station Pro &#8211; classic<\/a><div class=\"wp-block-latest-posts__post-excerpt\">Drone Station Pro Classic combina lo m\u00e1s reciente en dise\u00f1o ergon\u00f3mico, de tal forma que te podr\u00e1s concentrar en la calidad de tus maniobras al momento de volar, ya que tus brazos y torso estar\u00e1n en una posici\u00f3n comfortable y correcta para vuelos prolongado. As\u00ed mimos, el DSPro Classic te<span class=\"more-button\"><a href=\"https:\/\/dronestationpro.com\/index.php\/2022\/04\/06\/drone-station-pro-classic\/\" class=\"more-link\">Continue reading<span class=\"screen-reader-text\">Drone Station Pro &#8211; classic<\/span><\/a><\/span><\/div><\/li>\n<\/ul>","protected":false},"excerpt":{"rendered":"<p>Operar drones por largas jornadas, tales como la covertura de eventos o la fotogrametr\u00eda, es una actividad retadora para el comfort de tu cuerpo, donde las extremedidades superiores, ojos y cuello est\u00e1n muy comprometidas. Drone Station Pro ha creado esta l\u00ednea de productos para el piloto profesional de drones que<span class=\"more-button\"><a href=\"https:\/\/dronestationpro.com\/index.php\/dspro-ergonomic\/\" class=\"more-link\">Continue reading<span class=\"screen-reader-text\">DSPro &#8211; L\u00ednea ergon\u00f3mica<\/span><\/a><\/span><\/p>\n","protected":false},"author":1,"featured_media":0,"parent":0,"menu_order":0,"comment_status":"closed","ping_status":"closed","template":"","meta":[],"_links":{"self":[{"href":"https:\/\/dronestationpro.com\/index.php\/wp-json\/wp\/v2\/pages\/38"}],"collection":[{"href":"https:\/\/dronestationpro.com\/index.php\/wp-json\/wp\/v2\/pages"}],"about":[{"href":"https:\/\/dronestationpro.com\/index.php\/wp-json\/wp\/v2\/types\/page"}],"author":[{"embeddable":true,"href":"https:\/\/dronestationpro.com\/index.php\/wp-json\/wp\/v2\/users\/1"}],"replies":[{"embeddable":true,"href":"https:\/\/dronestationpro.com\/index.php\/wp-json\/wp\/v2\/comments?post=38"}],"version-history":[{"count":4,"href":"https:\/\/dronestationpro.com\/index.php\/wp-json\/wp\/v2\/pages\/38\/revisions"}],"predecessor-version":[{"id":67,"href":"https:\/\/dronestationpro.com\/index.php\/wp-json\/wp\/v2\/pages\/38\/revisions\/67"}],"wp:attachment":[{"href":"https:\/\/dronestationpro.com\/index.php\/wp-json\/wp\/v2\/media?parent=38"}],"curies":[{"name":"wp","href":"https:\/\/api.w.org\/{rel}","templated":true}]}}